{"id":3,"date":"2023-01-18T11:07:17","date_gmt":"2023-01-18T11:07:17","guid":{"rendered":"https:\/\/concretestuff.com\/?page_id=3"},"modified":"2023-05-14T21:36:04","modified_gmt":"2023-05-14T21:36:04","slug":"privacy-policy","status":"publish","type":"page","link":"https:\/\/concretestuff.com\/hr\/privacy-policy\/","title":{"rendered":"Politika privatnosti"},"content":{"rendered":"<p style=\"text-align: center;\" class=\"translation-block\"><img class=\"size-fusion-600 wp-image-942 aligncenter\" src=\"https:\/\/concretestuff.com\/wp-content\/uploads\/2023\/04\/irs24dzlxm-600x400.jpg\" alt=\"\" width=\"600\" height=\"400\">Na stranici <a href=\"https:\/\/concretestuff.com\/hr\/\" target=\"_self\">concretestuff.com<\/a>predani smo za\u0161titi privatnosti na\u0161ih korisnika.<br>\nOva Pravila o privatnosti opisuju kako prikupljamo, koristimo i otkrivamo podatke koje prikupljamo od na\u0161ih korisnika.<\/p>\r\n<h4 class=\"wp-block-heading\"><strong>Informacije koje prikupljamo<\/strong><\/h4>\r\n<p>Mo\u017eemo prikupljati razli\u010dite vrste informacija od na\u0161ih korisnika, uklju\u010duju\u0107i:<\/p>\r\n<ul>\r\n<li>Osobni podaci, kao \u0161to su va\u0161e ime, adresa e-po\u0161te i podaci za kontakt, koje nam dajete kada kreirate ra\u010dun ili obavite kupnju.<\/li>\r\n<li>Podaci koji nisu osobni, poput va\u0161e IP adrese, vrste preglednika i drugih tehni\u010dkih podataka o va\u0161em ure\u0111aju i na\u010dinu na koji stupate u interakciju s na\u0161im web mjestom.<\/li>\r\n<li>Kola\u010di\u0107e i druge tehnologije pra\u0107enja koje koristimo za prikupljanje informacija o va\u0161em pona\u0161anju i preferencijama pregledavanja.<\/li>\r\n<\/ul>\r\n<h4><strong>Kako koristimo va\u0161e podatke<\/strong><\/h4>\r\n<p>Podatke koje prikupljamo mo\u017eemo koristiti u razne svrhe, uklju\u010duju\u0107i:<\/p>\r\n<ul>\r\n<li>Za pru\u017eanje i pobolj\u0161anje na\u0161ih proizvoda i usluga.<\/li>\r\n<li>Za obradu i ispunjavanje narud\u017ebi i pla\u0107anja.<\/li>\r\n<li>Za komunikaciju s vama o va\u0161em ra\u010dunu i drugim va\u017enim informacijama.<\/li>\r\n<li>Kako bismo personalizirali va\u0161e iskustvo na na\u0161oj web stranici.<\/li>\r\n<li>Za analizu i pobolj\u0161anje performansi na\u0161e web stranice i marketin\u0161kih napora.<\/li>\r\n<\/ul>\r\n<h4><strong>Pohrana i dijeljenje Va\u0161ih podataka<\/strong><\/h4>\r\n<p>Va\u0161e podatke mo\u017eemo otkriti tre\u0107im stranama u odre\u0111enim okolnostima, uklju\u010duju\u0107i:<\/p>\r\n<ul>\r\n<li>Za obradu pla\u0107anja i ispunjavanje narud\u017ebi.<\/li>\r\n<li>Da bismo ispunili zakonske obveze ili odgovorili na pravne zahtjeve.<\/li>\r\n<li>Za za\u0161titu na\u0161ih prava ili imovine, ili sigurnosti na\u0161ih korisnika ili drugih.<\/li>\r\n<\/ul>\r\n<p>Tako\u0111er mo\u017eemo dijeliti skupne ili deidentificirane informacije koje ne identificiraju pojedina\u010dne korisnike.<\/p>\r\n<h4><strong>Va\u0161a prava i mogu\u0107nosti<\/strong><\/h4>\r\n<p>Imate odre\u0111ena prava i izbore u vezi s va\u0161im informacijama, uklju\u010duju\u0107i:<\/p>\r\n<ul>\r\n<li>Pravo na pristup i primanje kopije podataka koje imamo o vama.<\/li>\r\n<li>Pravo na zahtjev da obri\u0161emo ili izmijenimo va\u0161e podatke.<\/li>\r\n<li>Pravo na isklju\u010denje odre\u0111enih marketin\u0161kih komunikacija.<\/li>\r\n<\/ul>\r\n<p>Ako ste europski stanovnik, imate pravo pristupa osobnim podacima koje imamo o vama i tra\u017eiti da se va\u0161i osobni podaci isprave, a\u017euriraju ili izbri\u0161u. Ako \u017eelite ostvariti ovo pravo, kontaktirajte nas putem dolje navedenih kontakt podataka.<\/p>\r\n<h4><strong>Sigurnost podataka<\/strong><\/h4>\r\n<p>Poduzimamo odgovaraju\u0107e mjere kako bismo za\u0161titili va\u0161e podatke od neovla\u0161tenog pristupa, izmjene, otkrivanja ili uni\u0161tenja. Me\u0111utim, nijedan prijenos podataka putem interneta ili elektroni\u010dkog sustava za pohranu ne mo\u017ee biti 100% siguran.<\/p>\r\n<h4><strong>Promjene ove politike<\/strong><\/h4>\r\n<p>S vremena na vrijeme mo\u017eemo a\u017eurirati ovu Politiku privatnosti. Obavijestit \u0107emo vas o svim materijalnim promjenama objavljivanjem novih Pravila privatnosti na na\u0161oj web stranici.<\/p>\r\n<h4><strong>Kontaktirajte nas<\/strong><\/h4>\r\n<p>Ako imate bilo kakvih pitanja ili nedoumica u vezi s ovom Politikom privatnosti, obratite nam se na info@concretestuff.com.<\/p>","protected":false},"excerpt":{"rendered":"<p>At concretestuff.com, we are committed to protecting the privacy of  [&#8230;]<\/p>","protected":false},"author":1,"featured_media":0,"parent":0,"menu_order":0,"comment_status":"closed","ping_status":"closed","template":"100-width.php","meta":{"_seopress_robots_primary_cat":"","_seopress_titles_title":"","_seopress_titles_desc":"","_seopress_robots_index":"","footnotes":""},"class_list":["post-3","page","type-page","status-publish","hentry"],"jetpack_sharing_enabled":true,"_links":{"self":[{"href":"https:\/\/concretestuff.com\/hr\/wp-json\/wp\/v2\/pages\/3","targetHints":{"allow":["GET"]}}],"collection":[{"href":"https:\/\/concretestuff.com\/hr\/wp-json\/wp\/v2\/pages"}],"about":[{"href":"https:\/\/concretestuff.com\/hr\/wp-json\/wp\/v2\/types\/page"}],"author":[{"embeddable":true,"href":"https:\/\/concretestuff.com\/hr\/wp-json\/wp\/v2\/users\/1"}],"replies":[{"embeddable":true,"href":"https:\/\/concretestuff.com\/hr\/wp-json\/wp\/v2\/comments?post=3"}],"version-history":[{"count":8,"href":"https:\/\/concretestuff.com\/hr\/wp-json\/wp\/v2\/pages\/3\/revisions"}],"predecessor-version":[{"id":1261,"href":"https:\/\/concretestuff.com\/hr\/wp-json\/wp\/v2\/pages\/3\/revisions\/1261"}],"wp:attachment":[{"href":"https:\/\/concretestuff.com\/hr\/wp-json\/wp\/v2\/media?parent=3"}],"curies":[{"name":"wp","href":"https:\/\/api.w.org\/{rel}","templated":true}]}}