{"id":100,"date":"2023-03-05T20:19:45","date_gmt":"2023-03-05T20:19:45","guid":{"rendered":"https:\/\/concretestuff.com\/?post_type=product&#038;p=100"},"modified":"2023-05-11T14:22:50","modified_gmt":"2023-05-11T14:22:50","slug":"candle-holder-x4","status":"publish","type":"product","link":"https:\/\/concretestuff.com\/hr\/shop\/accessories-en\/candle-holder-x4\/","title":{"rendered":"Candle Holder x4"},"content":{"rendered":"","protected":false},"excerpt":{"rendered":"<p>Sve na\u0161e svije\u0107e pa\u017eljivo su ru\u010dno izra\u0111ene, koriste\u0107i samo najbolje materijale i tehnike.<\/p>\n<p>Na\u0161i proizvodi savr\u0161en su izbor za one koji cijene stil i izdr\u017eljivost.<\/p>","protected":false},"featured_media":86,"template":"","meta":{"_seopress_robots_primary_cat":"","_seopress_titles_title":"","_seopress_titles_desc":"","_seopress_robots_index":""},"product_brand":[],"product_cat":[22],"product_tag":[],"class_list":{"0":"post-100","1":"product","2":"type-product","3":"status-publish","4":"has-post-thumbnail","6":"product_cat-accessories-en","8":"first","9":"instock","10":"taxable","11":"shipping-taxable","12":"purchasable","13":"product-type-variable"},"jetpack_sharing_enabled":true,"_links":{"self":[{"href":"https:\/\/concretestuff.com\/hr\/wp-json\/wp\/v2\/product\/100","targetHints":{"allow":["GET"]}}],"collection":[{"href":"https:\/\/concretestuff.com\/hr\/wp-json\/wp\/v2\/product"}],"about":[{"href":"https:\/\/concretestuff.com\/hr\/wp-json\/wp\/v2\/types\/product"}],"wp:featuredmedia":[{"embeddable":true,"href":"https:\/\/concretestuff.com\/hr\/wp-json\/wp\/v2\/media\/86"}],"wp:attachment":[{"href":"https:\/\/concretestuff.com\/hr\/wp-json\/wp\/v2\/media?parent=100"}],"wp:term":[{"taxonomy":"product_brand","embeddable":true,"href":"https:\/\/concretestuff.com\/hr\/wp-json\/wp\/v2\/product_brand?post=100"},{"taxonomy":"product_cat","embeddable":true,"href":"https:\/\/concretestuff.com\/hr\/wp-json\/wp\/v2\/product_cat?post=100"},{"taxonomy":"product_tag","embeddable":true,"href":"https:\/\/concretestuff.com\/hr\/wp-json\/wp\/v2\/product_tag?post=100"}],"curies":[{"name":"wp","href":"https:\/\/api.w.org\/{rel}","templated":true}]}}