{"id":1032,"date":"2023-05-04T08:16:08","date_gmt":"2023-05-04T08:16:08","guid":{"rendered":"https:\/\/concretestuff.com\/?post_type=product&#038;p=1032"},"modified":"2023-05-11T14:22:45","modified_gmt":"2023-05-11T14:22:45","slug":"flower-of-life","status":"publish","type":"product","link":"https:\/\/concretestuff.com\/hr\/shop\/3d-tiles-en\/flower-of-life\/","title":{"rendered":"Flower of Life"},"content":{"rendered":"","protected":false},"excerpt":{"rendered":"<p>Predstavljamo na\u0161u izuzetnu trodimenzionalnu betonsku plo\u010du, inspiriranu o\u010daravaju\u0107im Cvijetom \u017eivota. Pedantno izra\u0111eno od strane vje\u0161tih majstora, ovo zadivljuju\u0107e remek-djelo odi\u0161e elegancijom i poti\u010de sklad i ravnote\u017eu. Podignite svoj prostor uz na\u0161u izvanrednu betonsku plo\u010du Cvijet \u017eivota, sna\u017ean simbol jedinstva i me\u0111usobne povezanosti.<\/p>\n<p>80 \u20ac + PDV \/ m\u00b2<\/p>","protected":false},"featured_media":1060,"template":"","meta":{"_seopress_robots_primary_cat":"","_seopress_titles_title":"","_seopress_titles_desc":"","_seopress_robots_index":""},"product_brand":[],"product_cat":[76],"product_tag":[],"class_list":{"0":"post-1032","1":"product","2":"type-product","3":"status-publish","4":"has-post-thumbnail","6":"product_cat-3d-tiles-en","8":"first","9":"instock","10":"taxable","11":"shipping-taxable","12":"purchasable","13":"product-type-simple"},"jetpack_sharing_enabled":true,"_links":{"self":[{"href":"https:\/\/concretestuff.com\/hr\/wp-json\/wp\/v2\/product\/1032","targetHints":{"allow":["GET"]}}],"collection":[{"href":"https:\/\/concretestuff.com\/hr\/wp-json\/wp\/v2\/product"}],"about":[{"href":"https:\/\/concretestuff.com\/hr\/wp-json\/wp\/v2\/types\/product"}],"wp:featuredmedia":[{"embeddable":true,"href":"https:\/\/concretestuff.com\/hr\/wp-json\/wp\/v2\/media\/1060"}],"wp:attachment":[{"href":"https:\/\/concretestuff.com\/hr\/wp-json\/wp\/v2\/media?parent=1032"}],"wp:term":[{"taxonomy":"product_brand","embeddable":true,"href":"https:\/\/concretestuff.com\/hr\/wp-json\/wp\/v2\/product_brand?post=1032"},{"taxonomy":"product_cat","embeddable":true,"href":"https:\/\/concretestuff.com\/hr\/wp-json\/wp\/v2\/product_cat?post=1032"},{"taxonomy":"product_tag","embeddable":true,"href":"https:\/\/concretestuff.com\/hr\/wp-json\/wp\/v2\/product_tag?post=1032"}],"curies":[{"name":"wp","href":"https:\/\/api.w.org\/{rel}","templated":true}]}}