{"id":106,"date":"2023-03-05T20:37:52","date_gmt":"2023-03-05T20:37:52","guid":{"rendered":"https:\/\/concretestuff.com\/?post_type=product&#038;p=106"},"modified":"2025-03-28T18:27:34","modified_gmt":"2025-03-28T18:27:34","slug":"sink-60x40-square","status":"publish","type":"product","link":"https:\/\/concretestuff.com\/hr\/shop\/sinks-en\/sink-60x40-square\/","title":{"rendered":"Umivaonik 60\u00d740 square"},"content":{"rendered":"<div class=\"fusion-button-wrapper\"><a class=\"fusion-button button-flat fusion-button-default-size button-default fusion-button-default button-1 fusion-button-default-span fusion-button-default-type\" target=\"_blank\" rel=\"noopener noreferrer\" href=\"https:\/\/concretestuff.com\/wp-content\/uploads\/2023\/03\/Sink-60x40-Quad-technical-details.pdf\"><span class=\"fusion-button-text awb-button__text awb-button__text--default\">Umivaonik tehni\u010dki detalji 60\u00d740 Quad<\/span><\/a><\/div>","protected":false},"excerpt":{"rendered":"<div class=\"fusion-woo-short-description-tb fusion-woo-short-description-tb-1\">\n<div class=\"post-content woocommerce-product-details__short-description\">\n<p>Kvadratni sudoper dimenzija 60\u00d740 cm za postavljanje na stol sa stranicama debljine 1 cm. Umivaonik je elegantan element za modernu kupaonicu.<\/p>\n<ul>\n<li>Prikladno za nadgradnu monta\u017eu<\/li>\n<li>Dizajniran za kori\u0161tenje sa zidnom ili stolnom slavinom<\/li>\n<li>Slavine, odvod i sifon nisu uklju\u010deni<\/li>\n<li>Dostupan u 20 boja<\/li>\n<\/ul>\n<p>Beton je jedinstveni materijal koji kombinira organske karakteristike prirodnog kamena sa sposobno\u0161\u0107u lijevanja u bilo kojem obliku. Beton je u biti teku\u0107i kamen.<\/p>\n<p>Zbog prilago\u0111ene prirode na\u0161ih proizvoda, svi sudoperi izra\u0111uju se prema narud\u017ebi i rokovi isporuke \u0107e varirati. Okvirni rok isporuke mo\u017ee se dati na upit.<\/p>\n<p>Proizvedeno u Hrvatskoj i dobavljivo diljem svijeta.<\/p>\n<\/div>\n<\/div>","protected":false},"featured_media":84,"template":"","meta":{"_seopress_robots_primary_cat":"none","_seopress_titles_title":"","_seopress_titles_desc":"","_seopress_robots_index":""},"product_brand":[],"product_cat":[23],"product_tag":[],"class_list":{"0":"post-106","1":"product","2":"type-product","3":"status-publish","4":"has-post-thumbnail","6":"product_cat-sinks-en","8":"first","9":"instock","10":"taxable","11":"shipping-taxable","12":"purchasable","13":"product-type-variable"},"jetpack_sharing_enabled":true,"_links":{"self":[{"href":"https:\/\/concretestuff.com\/hr\/wp-json\/wp\/v2\/product\/106","targetHints":{"allow":["GET"]}}],"collection":[{"href":"https:\/\/concretestuff.com\/hr\/wp-json\/wp\/v2\/product"}],"about":[{"href":"https:\/\/concretestuff.com\/hr\/wp-json\/wp\/v2\/types\/product"}],"wp:featuredmedia":[{"embeddable":true,"href":"https:\/\/concretestuff.com\/hr\/wp-json\/wp\/v2\/media\/84"}],"wp:attachment":[{"href":"https:\/\/concretestuff.com\/hr\/wp-json\/wp\/v2\/media?parent=106"}],"wp:term":[{"taxonomy":"product_brand","embeddable":true,"href":"https:\/\/concretestuff.com\/hr\/wp-json\/wp\/v2\/product_brand?post=106"},{"taxonomy":"product_cat","embeddable":true,"href":"https:\/\/concretestuff.com\/hr\/wp-json\/wp\/v2\/product_cat?post=106"},{"taxonomy":"product_tag","embeddable":true,"href":"https:\/\/concretestuff.com\/hr\/wp-json\/wp\/v2\/product_tag?post=106"}],"curies":[{"name":"wp","href":"https:\/\/api.w.org\/{rel}","templated":true}]}}