{"id":1076,"date":"2023-05-04T10:54:40","date_gmt":"2023-05-04T10:54:40","guid":{"rendered":"https:\/\/concretestuff.com\/?post_type=product&#038;p=1076"},"modified":"2023-05-11T14:22:45","modified_gmt":"2023-05-11T14:22:45","slug":"hexagon","status":"publish","type":"product","link":"https:\/\/concretestuff.com\/hr\/shop\/3d-tiles-en\/hexagon\/","title":{"rendered":"Hexagon"},"content":{"rendered":"","protected":false},"excerpt":{"rendered":"<p>Predstavljamo na\u0161u o\u010daravaju\u0107u \u0161esterokutnu betonsku plo\u010du s ponavljaju\u0107im zakrivljenim reljefom. Pedantno izra\u0111en za izlaganje jedinstvenih svojstava betona, dodaje dubinu i teksturu svakom prostoru. Pobolj\u0161ajte svoj dekor s na\u0161im izuzetnim betonskim panelom, zadivljuju\u0107im spojem klasi\u010dnog dizajna i organske elegancije.<\/p>\n<p>80 \u20ac + PDV \/ m\u00b2<\/p>","protected":false},"featured_media":1071,"template":"","meta":{"_seopress_robots_primary_cat":"","_seopress_titles_title":"","_seopress_titles_desc":"","_seopress_robots_index":""},"product_brand":[],"product_cat":[76],"product_tag":[],"class_list":{"0":"post-1076","1":"product","2":"type-product","3":"status-publish","4":"has-post-thumbnail","6":"product_cat-3d-tiles-en","8":"first","9":"instock","10":"taxable","11":"shipping-taxable","12":"purchasable","13":"product-type-simple"},"jetpack_sharing_enabled":true,"_links":{"self":[{"href":"https:\/\/concretestuff.com\/hr\/wp-json\/wp\/v2\/product\/1076","targetHints":{"allow":["GET"]}}],"collection":[{"href":"https:\/\/concretestuff.com\/hr\/wp-json\/wp\/v2\/product"}],"about":[{"href":"https:\/\/concretestuff.com\/hr\/wp-json\/wp\/v2\/types\/product"}],"wp:featuredmedia":[{"embeddable":true,"href":"https:\/\/concretestuff.com\/hr\/wp-json\/wp\/v2\/media\/1071"}],"wp:attachment":[{"href":"https:\/\/concretestuff.com\/hr\/wp-json\/wp\/v2\/media?parent=1076"}],"wp:term":[{"taxonomy":"product_brand","embeddable":true,"href":"https:\/\/concretestuff.com\/hr\/wp-json\/wp\/v2\/product_brand?post=1076"},{"taxonomy":"product_cat","embeddable":true,"href":"https:\/\/concretestuff.com\/hr\/wp-json\/wp\/v2\/product_cat?post=1076"},{"taxonomy":"product_tag","embeddable":true,"href":"https:\/\/concretestuff.com\/hr\/wp-json\/wp\/v2\/product_tag?post=1076"}],"curies":[{"name":"wp","href":"https:\/\/api.w.org\/{rel}","templated":true}]}}