{"id":1077,"date":"2023-05-04T10:56:28","date_gmt":"2023-05-04T10:56:28","guid":{"rendered":"https:\/\/concretestuff.com\/?post_type=product&#038;p=1077"},"modified":"2023-05-11T14:22:45","modified_gmt":"2023-05-11T14:22:45","slug":"japanese-weave","status":"publish","type":"product","link":"https:\/\/concretestuff.com\/hr\/shop\/3d-tiles-en\/japanese-weave\/","title":{"rendered":"Japanese Weave"},"content":{"rendered":"","protected":false},"excerpt":{"rendered":"<p>Predstavljamo na\u0161u zapanjuju\u0107u trodimenzionalnu betonsku plo\u010du, inspiriranu bezvremenskom umjetno\u0161\u0107u japanskog tkanja. Pedantno izra\u0111en od strane vje\u0161tih majstora, ovaj panel bilje\u017ei ljepotu drevnih tehnika tkanja, stvaraju\u0107i zapanjuju\u0107u me\u0111uigru svjetla i sjene koja dodaje dubinu i dimenziju svakom prostoru. Podignite svoj prostor uz na\u0161u izuzetnu betonsku plo\u010du japanskog tkanja, prekrasan dokaz zamr\u0161enosti i ljepote japanske umjetnosti.<\/p>\n<p>80 \u20ac + PDV \/ m\u00b2<\/p>","protected":false},"featured_media":1066,"template":"","meta":{"_seopress_robots_primary_cat":"","_seopress_titles_title":"","_seopress_titles_desc":"","_seopress_robots_index":""},"product_brand":[],"product_cat":[76],"product_tag":[],"class_list":{"0":"post-1077","1":"product","2":"type-product","3":"status-publish","4":"has-post-thumbnail","6":"product_cat-3d-tiles-en","8":"first","9":"instock","10":"taxable","11":"shipping-taxable","12":"purchasable","13":"product-type-simple"},"jetpack_sharing_enabled":true,"_links":{"self":[{"href":"https:\/\/concretestuff.com\/hr\/wp-json\/wp\/v2\/product\/1077","targetHints":{"allow":["GET"]}}],"collection":[{"href":"https:\/\/concretestuff.com\/hr\/wp-json\/wp\/v2\/product"}],"about":[{"href":"https:\/\/concretestuff.com\/hr\/wp-json\/wp\/v2\/types\/product"}],"wp:featuredmedia":[{"embeddable":true,"href":"https:\/\/concretestuff.com\/hr\/wp-json\/wp\/v2\/media\/1066"}],"wp:attachment":[{"href":"https:\/\/concretestuff.com\/hr\/wp-json\/wp\/v2\/media?parent=1077"}],"wp:term":[{"taxonomy":"product_brand","embeddable":true,"href":"https:\/\/concretestuff.com\/hr\/wp-json\/wp\/v2\/product_brand?post=1077"},{"taxonomy":"product_cat","embeddable":true,"href":"https:\/\/concretestuff.com\/hr\/wp-json\/wp\/v2\/product_cat?post=1077"},{"taxonomy":"product_tag","embeddable":true,"href":"https:\/\/concretestuff.com\/hr\/wp-json\/wp\/v2\/product_tag?post=1077"}],"curies":[{"name":"wp","href":"https:\/\/api.w.org\/{rel}","templated":true}]}}