{"id":1078,"date":"2023-05-04T10:58:16","date_gmt":"2023-05-04T10:58:16","guid":{"rendered":"https:\/\/concretestuff.com\/?post_type=product&#038;p=1078"},"modified":"2023-05-11T14:22:45","modified_gmt":"2023-05-11T14:22:45","slug":"tapestry","status":"publish","type":"product","link":"https:\/\/concretestuff.com\/hr\/shop\/3d-tiles-en\/tapestry\/","title":{"rendered":"Tapestry"},"content":{"rendered":"","protected":false},"excerpt":{"rendered":"<p>Predstavljamo na\u0161u zadivljuju\u0107u betonsku plo\u010du inspiriranu 3D tapiserijom, koju su pomno izradili vje\u0161ti majstori. Njegova jedinstvena tekstura i igra dubine i boje dodaju toplinu i ljepotu svakom prostoru. Pobolj\u0161ajte svoj dekor s na\u0161im izuzetnim betonskim panelom, spojem tradicionalnog tkanja goblena i suvremenog dizajna koji oduzima dah.<\/p>\n<p>80 \u20ac + PDV \/ m\u00b2<\/p>","protected":false},"featured_media":1075,"template":"","meta":{"_seopress_robots_primary_cat":"","_seopress_titles_title":"","_seopress_titles_desc":"","_seopress_robots_index":""},"product_brand":[],"product_cat":[76],"product_tag":[],"class_list":{"0":"post-1078","1":"product","2":"type-product","3":"status-publish","4":"has-post-thumbnail","6":"product_cat-3d-tiles-en","8":"first","9":"instock","10":"taxable","11":"shipping-taxable","12":"purchasable","13":"product-type-simple"},"jetpack_sharing_enabled":true,"_links":{"self":[{"href":"https:\/\/concretestuff.com\/hr\/wp-json\/wp\/v2\/product\/1078","targetHints":{"allow":["GET"]}}],"collection":[{"href":"https:\/\/concretestuff.com\/hr\/wp-json\/wp\/v2\/product"}],"about":[{"href":"https:\/\/concretestuff.com\/hr\/wp-json\/wp\/v2\/types\/product"}],"wp:featuredmedia":[{"embeddable":true,"href":"https:\/\/concretestuff.com\/hr\/wp-json\/wp\/v2\/media\/1075"}],"wp:attachment":[{"href":"https:\/\/concretestuff.com\/hr\/wp-json\/wp\/v2\/media?parent=1078"}],"wp:term":[{"taxonomy":"product_brand","embeddable":true,"href":"https:\/\/concretestuff.com\/hr\/wp-json\/wp\/v2\/product_brand?post=1078"},{"taxonomy":"product_cat","embeddable":true,"href":"https:\/\/concretestuff.com\/hr\/wp-json\/wp\/v2\/product_cat?post=1078"},{"taxonomy":"product_tag","embeddable":true,"href":"https:\/\/concretestuff.com\/hr\/wp-json\/wp\/v2\/product_tag?post=1078"}],"curies":[{"name":"wp","href":"https:\/\/api.w.org\/{rel}","templated":true}]}}