{"id":1079,"date":"2023-05-04T10:59:33","date_gmt":"2023-05-04T10:59:33","guid":{"rendered":"https:\/\/concretestuff.com\/?post_type=product&#038;p=1079"},"modified":"2023-05-11T14:22:45","modified_gmt":"2023-05-11T14:22:45","slug":"triangles","status":"publish","type":"product","link":"https:\/\/concretestuff.com\/hr\/shop\/3d-tiles-en\/triangles\/","title":{"rendered":"Triangles"},"content":{"rendered":"","protected":false},"excerpt":{"rendered":"<p>Predstavljamo na\u0161e upe\u010datljive trokute od betonskih plo\u010dica, sastavljene od \u0161est trokuta razli\u010ditih debljina u rasponu od 1 cm do 3 cm. Svaki precizno izra\u0111eni trokut slavi jedinstvene kvalitete betona, stvaraju\u0107i taktilnu i privla\u010dnu povr\u0161inu koja dodaje dubinu i dimenziju svakom prostoru. Podignite svoj prostor s na\u0161im izuzetnim betonskim plo\u010dama, zadivljuju\u0107im dokazom ljepote i svestranosti ovog izvanrednog materijala.<\/p>\n<p>80 \u20ac + PDV \/ m\u00b2<\/p>","protected":false},"featured_media":1062,"template":"","meta":{"_seopress_robots_primary_cat":"","_seopress_titles_title":"","_seopress_titles_desc":"","_seopress_robots_index":""},"product_brand":[],"product_cat":[76],"product_tag":[],"class_list":{"0":"post-1079","1":"product","2":"type-product","3":"status-publish","4":"has-post-thumbnail","6":"product_cat-3d-tiles-en","8":"first","9":"instock","10":"taxable","11":"shipping-taxable","12":"purchasable","13":"product-type-simple"},"jetpack_sharing_enabled":true,"_links":{"self":[{"href":"https:\/\/concretestuff.com\/hr\/wp-json\/wp\/v2\/product\/1079","targetHints":{"allow":["GET"]}}],"collection":[{"href":"https:\/\/concretestuff.com\/hr\/wp-json\/wp\/v2\/product"}],"about":[{"href":"https:\/\/concretestuff.com\/hr\/wp-json\/wp\/v2\/types\/product"}],"wp:featuredmedia":[{"embeddable":true,"href":"https:\/\/concretestuff.com\/hr\/wp-json\/wp\/v2\/media\/1062"}],"wp:attachment":[{"href":"https:\/\/concretestuff.com\/hr\/wp-json\/wp\/v2\/media?parent=1079"}],"wp:term":[{"taxonomy":"product_brand","embeddable":true,"href":"https:\/\/concretestuff.com\/hr\/wp-json\/wp\/v2\/product_brand?post=1079"},{"taxonomy":"product_cat","embeddable":true,"href":"https:\/\/concretestuff.com\/hr\/wp-json\/wp\/v2\/product_cat?post=1079"},{"taxonomy":"product_tag","embeddable":true,"href":"https:\/\/concretestuff.com\/hr\/wp-json\/wp\/v2\/product_tag?post=1079"}],"curies":[{"name":"wp","href":"https:\/\/api.w.org\/{rel}","templated":true}]}}